{"id":13,"date":"2016-03-01T12:44:26","date_gmt":"2016-03-01T12:44:26","guid":{"rendered":"http:\/\/www.gutatv.sk\/dev\/?page_id=13"},"modified":"2025-01-07T15:57:03","modified_gmt":"2025-01-07T13:57:03","slug":"hirdetesfeladas","status":"publish","type":"page","link":"http:\/\/www.gutatv.sk\/sk\/hirdetesfeladas\/","title":{"rendered":"Inzercia"},"content":{"rendered":"<p><\/p>\n<h2 style=\"text-align: center;\"><strong>Inzercia \u2013 Hirdet\u00e9sfelad\u00e1s<\/strong><\/h2>\n<h2 style=\"text-align: center;\"><strong>G\u00fata TV s.r.o\u00a0<\/strong><\/h2>\n<h2 style=\"text-align: center;\">01.01.2020<\/h2>\n<p>&nbsp;<\/p>\n<p><strong><b>Cenn\u00edk \u2013 \u00c1rlista<\/b><\/strong><\/p>\n<p><strong><b>Textov\u00e1 inzercia<\/b><\/strong><\/p>\n<table>\n<tbody>\n<tr>\n<td style=\"text-align: center;\" width=\"233\"><\/td>\n<td style=\"text-align: center;\" width=\"132\">3 dn\u00ed\/nap<\/td>\n<td style=\"text-align: center;\" width=\"122\">1 t\u00fd\u017ede\u0148\/h\u00e9t<\/td>\n<td style=\"text-align: center;\" width=\"132\">2 t\u00fd\u017edne\/h\u00e9t<\/td>\n<\/tr>\n<tr>\n<td style=\"text-align: center;\" width=\"233\">Podnikate\u013esk\u00e1 inzercia<\/p>\n<p>V\u00e1llalkoz\u00f3i hirdet\u00e9s<\/td>\n<td style=\"text-align: center;\" width=\"132\"><strong>33\u20ac<\/strong><strong>\u00a0<\/strong><\/td>\n<td style=\"text-align: center;\" width=\"122\"><strong>55\u20ac<\/strong><strong><span style=\"color: #ff0000;\">\u00a0<\/span><\/strong><\/td>\n<td style=\"text-align: center;\" width=\"132\"><strong>88\u20ac<\/strong><\/td>\n<\/tr>\n<tr>\n<td style=\"text-align: center;\" width=\"233\">Politick\u00e1 inzercia<br \/>\nPolitikai hirdet\u00e9s<\/td>\n<td style=\"text-align: center;\" width=\"132\"><strong>65\u20ac<\/strong><\/td>\n<td style=\"text-align: center;\" width=\"122\"><strong>110\u20ac<\/strong><\/td>\n<td style=\"text-align: center;\" width=\"132\"><strong>150\u20ac<\/strong><\/td>\n<\/tr>\n<\/tbody>\n<\/table>\n<p>&nbsp;<\/p>\n<table>\n<tbody>\n<tr>\n<td style=\"text-align: center;\" width=\"224\"><\/td>\n<td style=\"text-align: center;\" width=\"151\">1 t\u00fd\u017ede\u0148\/h\u00e9t<\/td>\n<td style=\"text-align: center;\" width=\"122\">2 t\u00fd\u017edne\/h\u00e9t<\/td>\n<td style=\"text-align: center;\" width=\"122\">3 t\u00fd\u017ede\u0148\/h\u00e9t<\/td>\n<\/tr>\n<tr>\n<td style=\"text-align: center;\" width=\"224\">Ob\u010dianska drobn\u00e1 inzercia, ponuka pr\u00e1ce<\/p>\n<p>Lakoss\u00e1gi apr\u00f3 hirdet\u00e9s, ingatlan, \u00e1ll\u00e1saj\u00e1nlat<\/td>\n<td style=\"text-align: center;\" width=\"151\"><strong>14,70\u20ac<\/strong><strong>\u00a0<\/strong><\/td>\n<td style=\"text-align: center;\" width=\"122\"><strong>26,60\u20ac<\/strong><\/td>\n<td style=\"text-align: center;\" width=\"122\"><strong>35,70\u20ac<\/strong><\/td>\n<\/tr>\n<\/tbody>\n<\/table>\n<p>&nbsp;<\/p>\n<table>\n<tbody>\n<tr>\n<td style=\"text-align: center;\" width=\"290\"><\/td>\n<td style=\"text-align: center;\" width=\"122\">3 dn\u00ed\/nap<\/td>\n<td style=\"text-align: center;\" width=\"103\"><\/td>\n<td style=\"text-align: center;\" width=\"104\">1 t\u00fd\u017ede\u0148\/h\u00e9t<\/td>\n<\/tr>\n<tr>\n<td style=\"text-align: center;\" width=\"290\">Blaho\u017eelanie, spomienka, po\u010fakovanie<br \/>\nJ\u00f3k\u00edv\u00e1ns\u00e1g, megeml\u00e9kez\u00e9s, k\u00f6sz\u00f6net<\/td>\n<td style=\"text-align: center;\" width=\"122\"><strong>4,80\u20ac<\/strong><\/td>\n<td style=\"text-align: center;\" width=\"103\"><\/td>\n<td style=\"text-align: center;\" width=\"104\"><strong>9,60\u20ac<\/strong><\/td>\n<\/tr>\n<\/tbody>\n<\/table>\n<p>&nbsp;<\/p>\n<table>\n<tbody>\n<tr>\n<td style=\"text-align: center;\" width=\"307\">Verejn\u00e9 oznamy<br \/>\nK\u00f6z\u00e9rdek\u0171 k\u00f6zlem\u00e9ny<br \/>\nna dobu pod\u013ea potreby\/id\u0151tartam ig\u00e9ny szerint<\/td>\n<td style=\"text-align: center;\" width=\"307\"><strong>1,20 \u20ac \/nap\/de\u0148<\/strong><\/td>\n<\/tr>\n<\/tbody>\n<\/table>\n<p>V pr\u00edpade, \u017ee nesp\u013a\u0148a inzercia minim\u00e1lne po\u017eiadavky na formul\u00e1r * alebo po\u017eaduje \u00fapravu poplatok za grafick\u00fa pr\u00e1cu je19 \u20ac.\u00a0Abban az esetben, ha nem felel meg a minim\u00e1lis formai k\u00f6vetelm\u00e9nyeknek*, vagy grafikai szerkeszt\u00e9st ig\u00e9nyel 19\u20ac-s\u00a0fel\u00e1rat sz\u00e1molunk az ezzel j\u00e1r\u00f3 plusz munk\u00e1\u00e9rt.<\/p>\n<p>&nbsp;<\/p>\n<p style=\"text-align: left;\"><strong><b>Video reklama \u2013 Podnikate\u013esk\u00e1<\/b><\/strong><\/p>\n<table class=\" aligncenter\">\n<tbody>\n<tr>\n<td width=\"307\">10 s\/mp<\/td>\n<td width=\"307\">35<strong><b>\u20ac<\/b><\/strong><\/td>\n<\/tr>\n<tr>\n<td width=\"307\">+1 s\/mp<\/td>\n<td width=\"307\">1<strong><b>\u20ac<\/b><\/strong><\/td>\n<\/tr>\n<\/tbody>\n<\/table>\n<p style=\"text-align: left;\"><strong><b>Video reklama \u2013 Politick\u00e1 <\/b><\/strong><\/p>\n<table class=\" aligncenter\">\n<tbody>\n<tr>\n<td width=\"307\">20 s\/mp<\/td>\n<td width=\"307\">60<strong><b>\u20ac<\/b><\/strong><\/td>\n<\/tr>\n<tr>\n<td width=\"307\">21-40 s\/mp<\/td>\n<td width=\"307\">100<strong><b>\u20ac<\/b><\/strong><\/td>\n<\/tr>\n<tr>\n<td width=\"307\">41- s\/mp<\/td>\n<td width=\"307\">150<strong><b>\u20ac<\/b><\/strong><\/td>\n<\/tr>\n<\/tbody>\n<\/table>\n<table class=\" aligncenter\">\n<tbody>\n<tr>\n<td width=\"296\"><strong><b>\u00a0Rekl\u00e1m \u2013 image film,<\/b><\/strong>\u00a0Pr \u2013 interj\u00fa<\/td>\n<td width=\"310\"><strong><b>pod\u013ea dohody<\/b><\/strong><\/td>\n<\/tr>\n<\/tbody>\n<\/table>\n<table>\n<tbody>\n<tr>\n<td style=\"text-align: center;\" width=\"307\"><\/td>\n<td style=\"text-align: center;\" width=\"307\">1 \u00f3ra\/hodina<\/td>\n<\/tr>\n<tr>\n<td style=\"text-align: center;\" width=\"307\">St\u00fadi\u00f3b\u00e9rl\u00e9s<\/td>\n<td style=\"text-align: center;\" width=\"307\"><strong><b>29\u20ac<\/b><\/strong><\/td>\n<\/tr>\n<\/tbody>\n<\/table>\n<p>&nbsp;<\/p>\n<h1><strong><b>\u00a0<\/b><\/strong>*Technick\u00fd\u00a0minimum \u2013 Form\u00e1tum k\u00f6vetelm\u00e9ny:<\/h1>\n<h3><strong><b>\u2013<\/b><\/strong><span style=\"color: #ff0000;\"> 1804\u00d71014 -es felbont\u00e1s, fekv\u0151, 50 pixel kifut\u00f3<\/span><\/h3>\n<h3><span style=\"color: #ff0000;\">\u2013 Arial 48-as bet\u0171tipusnak megfelel\u0151 bet\u0171m\u00e9ret a minimum<\/span><\/h3>\n<p><\/p>","protected":false},"excerpt":{"rendered":"<p>Inzercia \u2013 Hirdet\u00e9sfelad\u00e1s G\u00fata TV s.r.o\u00a0 01.01.2020 &nbsp; Cenn\u00edk \u2013 \u00c1rlista Textov\u00e1 inzercia 3 dn\u00ed\/nap 1 t\u00fd\u017ede\u0148\/h\u00e9t 2 t\u00fd\u017edne\/h\u00e9t Podnikate\u013esk\u00e1 inzercia V\u00e1llalkoz\u00f3i hirdet\u00e9s 33\u20ac\u00a0 55\u20ac\u00a0 88\u20ac Politick\u00e1 inzercia Politikai hirdet\u00e9s 65\u20ac 110\u20ac 150\u20ac &nbsp; 1 t\u00fd\u017ede\u0148\/h\u00e9t 2 t\u00fd\u017edne\/h\u00e9t 3 t\u00fd\u017ede\u0148\/h\u00e9t Ob\u010dianska drobn\u00e1 inzercia, ponuka pr\u00e1ce Lakoss\u00e1gi apr\u00f3 hirdet\u00e9s, ingatlan, \u00e1ll\u00e1saj\u00e1nlat 14,70\u20ac\u00a0 26,60\u20ac 35,70\u20ac &nbsp; 3 [&hellip;]<\/p>\n","protected":false},"author":2,"featured_media":0,"parent":0,"menu_order":0,"comment_status":"closed","ping_status":"closed","template":"simple.php","meta":[],"_links":{"self":[{"href":"http:\/\/www.gutatv.sk\/sk\/wp-json\/wp\/v2\/pages\/13"}],"collection":[{"href":"http:\/\/www.gutatv.sk\/sk\/wp-json\/wp\/v2\/pages"}],"about":[{"href":"http:\/\/www.gutatv.sk\/sk\/wp-json\/wp\/v2\/types\/page"}],"author":[{"embeddable":true,"href":"http:\/\/www.gutatv.sk\/sk\/wp-json\/wp\/v2\/users\/2"}],"replies":[{"embeddable":true,"href":"http:\/\/www.gutatv.sk\/sk\/wp-json\/wp\/v2\/comments?post=13"}],"version-history":[{"count":3,"href":"http:\/\/www.gutatv.sk\/sk\/wp-json\/wp\/v2\/pages\/13\/revisions"}],"predecessor-version":[{"id":193753,"href":"http:\/\/www.gutatv.sk\/sk\/wp-json\/wp\/v2\/pages\/13\/revisions\/193753"}],"wp:attachment":[{"href":"http:\/\/www.gutatv.sk\/sk\/wp-json\/wp\/v2\/media?parent=13"}],"curies":[{"name":"wp","href":"https:\/\/api.w.org\/{rel}","templated":true}]}}