{"id":17,"date":"2016-03-01T12:46:25","date_gmt":"2016-03-01T12:46:25","guid":{"rendered":"http:\/\/www.gutatv.sk\/dev\/?page_id=17"},"modified":"2025-03-15T15:40:33","modified_gmt":"2025-03-15T13:40:33","slug":"impresszum","status":"publish","type":"page","link":"http:\/\/www.gutatv.sk\/sk\/impresszum\/","title":{"rendered":"impressum"},"content":{"rendered":"<p><strong>\u010clenovia redakcie:<\/strong><\/p>\n<p>Gyula Kurk\u00f3<\/p>\n<p>Jaroslava Bla\u0161kov\u00e1<\/p>\n<p>F\u00f6rd\u0151s Ferenc<\/p>\n<p>Monika G\u00f6rnerov\u00e1<\/p>\n<p>Monika J\u00f3bov\u00e1<\/p>\n<p>Zsolt K\u00fcrti<\/p>\n<p>B\u00e9la N\u00e9meth<\/p>\n<p>Enci T\u00f3th<\/p>","protected":false},"excerpt":{"rendered":"<p>\u010clenovia redakcie: Gyula Kurk\u00f3 Jaroslava Bla\u0161kov\u00e1 F\u00f6rd\u0151s Ferenc Monika G\u00f6rnerov\u00e1 Monika J\u00f3bov\u00e1 Zsolt K\u00fcrti B\u00e9la N\u00e9meth Enci T\u00f3th<\/p>\n","protected":false},"author":2,"featured_media":0,"parent":0,"menu_order":0,"comment_status":"closed","ping_status":"closed","template":"simple.php","meta":[],"_links":{"self":[{"href":"http:\/\/www.gutatv.sk\/sk\/wp-json\/wp\/v2\/pages\/17"}],"collection":[{"href":"http:\/\/www.gutatv.sk\/sk\/wp-json\/wp\/v2\/pages"}],"about":[{"href":"http:\/\/www.gutatv.sk\/sk\/wp-json\/wp\/v2\/types\/page"}],"author":[{"embeddable":true,"href":"http:\/\/www.gutatv.sk\/sk\/wp-json\/wp\/v2\/users\/2"}],"replies":[{"embeddable":true,"href":"http:\/\/www.gutatv.sk\/sk\/wp-json\/wp\/v2\/comments?post=17"}],"version-history":[{"count":4,"href":"http:\/\/www.gutatv.sk\/sk\/wp-json\/wp\/v2\/pages\/17\/revisions"}],"predecessor-version":[{"id":197980,"href":"http:\/\/www.gutatv.sk\/sk\/wp-json\/wp\/v2\/pages\/17\/revisions\/197980"}],"wp:attachment":[{"href":"http:\/\/www.gutatv.sk\/sk\/wp-json\/wp\/v2\/media?parent=17"}],"curies":[{"name":"wp","href":"https:\/\/api.w.org\/{rel}","templated":true}]}}