{"id":19,"date":"2016-03-01T12:46:48","date_gmt":"2016-03-01T12:46:48","guid":{"rendered":"http:\/\/www.gutatv.sk\/dev\/?page_id=19"},"modified":"2025-01-13T16:20:20","modified_gmt":"2025-01-13T14:20:20","slug":"mediaajanlat","status":"publish","type":"page","link":"http:\/\/www.gutatv.sk\/sk\/mediaajanlat\/","title":{"rendered":"Dokumentumok"},"content":{"rendered":"<p class=\"qtranxs-available-languages-message qtranxs-available-languages-message-sk\">Tento \u010dl\u00e1nok nem\u00e1 slovensk\u00fa verziu.<\/p>","protected":false},"excerpt":{"rendered":"<p>Tento \u010dl\u00e1nok nem\u00e1 slovensk\u00fa verziu.<\/p>\n","protected":false},"author":2,"featured_media":0,"parent":0,"menu_order":0,"comment_status":"closed","ping_status":"closed","template":"simple.php","meta":[],"_links":{"self":[{"href":"http:\/\/www.gutatv.sk\/sk\/wp-json\/wp\/v2\/pages\/19"}],"collection":[{"href":"http:\/\/www.gutatv.sk\/sk\/wp-json\/wp\/v2\/pages"}],"about":[{"href":"http:\/\/www.gutatv.sk\/sk\/wp-json\/wp\/v2\/types\/page"}],"author":[{"embeddable":true,"href":"http:\/\/www.gutatv.sk\/sk\/wp-json\/wp\/v2\/users\/2"}],"replies":[{"embeddable":true,"href":"http:\/\/www.gutatv.sk\/sk\/wp-json\/wp\/v2\/comments?post=19"}],"version-history":[{"count":5,"href":"http:\/\/www.gutatv.sk\/sk\/wp-json\/wp\/v2\/pages\/19\/revisions"}],"predecessor-version":[{"id":197984,"href":"http:\/\/www.gutatv.sk\/sk\/wp-json\/wp\/v2\/pages\/19\/revisions\/197984"}],"wp:attachment":[{"href":"http:\/\/www.gutatv.sk\/sk\/wp-json\/wp\/v2\/media?parent=19"}],"curies":[{"name":"wp","href":"https:\/\/api.w.org\/{rel}","templated":true}]}}